{"id":2387,"date":"2023-07-24T14:41:13","date_gmt":"2023-07-24T19:41:13","guid":{"rendered":"https:\/\/gestherm.com\/?page_id=2387"},"modified":"2026-03-09T08:33:47","modified_gmt":"2026-03-09T13:33:47","slug":"traitement-de-leau-avec-des-solutions-vertes-pour-un-avenir-durable","status":"publish","type":"page","link":"https:\/\/gestherm.com\/english\/traitement-de-leau-avec-des-solutions-vertes-pour-un-avenir-durable\/","title":{"rendered":"Traitement de l&rsquo;eau avec des solutions vertes pour un avenir durable"},"content":{"rendered":"<div data-elementor-type=\"wp-page\" data-elementor-id=\"2387\" class=\"elementor elementor-2387\" data-elementor-post-type=\"page\">\n\t\t\t\t\t\t<section class=\"elementor-section elementor-top-section elementor-element elementor-element-6a54134 elementor-section-boxed elementor-section-height-default elementor-section-height-default\" data-id=\"6a54134\" data-element_type=\"section\" data-settings=\"{&quot;background_background&quot;:&quot;classic&quot;}\">\n\t\t\t\t\t\t\t<div class=\"elementor-background-overlay\"><\/div>\n\t\t\t\t\t\t\t<div class=\"elementor-container elementor-column-gap-no\">\n\t\t\t\t\t<div class=\"elementor-column elementor-col-50 elementor-top-column elementor-element elementor-element-59e45e3\" data-id=\"59e45e3\" data-element_type=\"column\">\n\t\t\t<div class=\"elementor-widget-wrap elementor-element-populated\">\n\t\t\t\t\t\t<div class=\"elementor-element elementor-element-9595134 elementor-widget elementor-widget-icon-box\" data-id=\"9595134\" data-element_type=\"widget\" data-widget_type=\"icon-box.default\">\n\t\t\t\t<div class=\"elementor-widget-container\">\n\t\t\t\t\t\t\t<div class=\"elementor-icon-box-wrapper\">\n\n\t\t\t\n\t\t\t\t\t\t<div class=\"elementor-icon-box-content\">\n\n\t\t\t\t\t\t\t\t\t<h1 class=\"elementor-icon-box-title\">\n\t\t\t\t\t\t<span  >\n\t\t\t\t\t\t\tTraitement de l&rsquo;eau avec des solutions vertes pour un avenir durable\t\t\t\t\t\t<\/span>\n\t\t\t\t\t<\/h1>\n\t\t\t\t\n\t\t\t\t\t\t\t\t\t<p class=\"elementor-icon-box-description\">\n\t\t\t\t\t\t24\/7 Service - Our experienced technicians are always available to assist you and meet your needs. \t\t\t\t\t<\/p>\n\t\t\t\t\n\t\t\t<\/div>\n\t\t\t\n\t\t<\/div>\n\t\t\t\t\t\t<\/div>\n\t\t\t\t<\/div>\n\t\t\t\t\t<\/div>\n\t\t<\/div>\n\t\t\t\t<div class=\"elementor-column elementor-col-50 elementor-top-column elementor-element elementor-element-efe5ca4\" data-id=\"efe5ca4\" data-element_type=\"column\">\n\t\t\t<div class=\"elementor-widget-wrap\">\n\t\t\t\t\t\t\t<\/div>\n\t\t<\/div>\n\t\t\t\t\t<\/div>\n\t\t<\/section>\n\t\t<div class=\"elementor-element elementor-element-f6cea36 e-flex e-con-boxed e-con e-parent\" data-id=\"f6cea36\" data-element_type=\"container\" data-settings=\"{&quot;background_background&quot;:&quot;classic&quot;}\">\n\t\t\t\t\t<div class=\"e-con-inner\">\n\t\t<div class=\"elementor-element elementor-element-53afe61 e-con-full e-flex e-con e-child\" data-id=\"53afe61\" data-element_type=\"container\">\n\t\t\t\t<div class=\"elementor-element elementor-element-d9b8bcf elementor-widget elementor-widget-heading\" data-id=\"d9b8bcf\" data-element_type=\"widget\" data-widget_type=\"heading.default\">\n\t\t\t\t<div class=\"elementor-widget-container\">\n\t\t\t\t\t<h2 class=\"elementor-heading-title elementor-size-default\">Water treatment with green solutions for a sustainable future<\/h2>\t\t\t\t<\/div>\n\t\t\t\t<\/div>\n\t\t\t\t<div class=\"elementor-element elementor-element-292f874 elementor-widget elementor-widget-text-editor\" data-id=\"292f874\" data-element_type=\"widget\" data-widget_type=\"text-editor.default\">\n\t\t\t\t<div class=\"elementor-widget-container\">\n\t\t\t\t\t\t\t\t\t<p>Water is one of the most vital resources for the maintenance of life. It is essential not only to have access to abundant supplies, but also to ensure their quality and safety. With growing concerns about pollution and contaminants in water sources, the need for effective water treatment has become paramount. At Gestherm, we understand the importance of providing solutions that meet the criteria of respect for the environment and of guaranteeing a non-contaminated water.<\/p><p><span style=\"text-align: var(--text-align); background-color: var( --e-global-color-a095705 ); color: var( --e-global-color-text ); font-family: var( --e-global-typography-text-font-family ), Sans-serif; font-size: var( --e-global-typography-text-font-size ); font-style: var( --e-global-typography-text-font-style ); font-weight: var( --e-global-typography-text-font-weight ); letter-spacing: var( --e-global-typography-text-letter-spacing ); text-transform: var( --e-global-typography-text-text-transform ); word-spacing: var( --e-global-typography-text-word-spacing );\">Our full range of alternative products is designed to meet these challenges, offering sustainable options without compromising quality or safety standards. In this article, we will explore the importance of water treatment and dive into the various alternative products available to meet this critical need.<\/span><\/p>\t\t\t\t\t\t\t\t<\/div>\n\t\t\t\t<\/div>\n\t\t\t\t<div class=\"elementor-element elementor-element-62483f2 elementor-widget elementor-widget-heading\" data-id=\"62483f2\" data-element_type=\"widget\" data-widget_type=\"heading.default\">\n\t\t\t\t<div class=\"elementor-widget-container\">\n\t\t\t\t\t<h2 class=\"elementor-heading-title elementor-size-default\">The importance of water treatment <\/h2>\t\t\t\t<\/div>\n\t\t\t\t<\/div>\n\t\t\t\t<div class=\"elementor-element elementor-element-6cda0c4 elementor-widget elementor-widget-text-editor\" data-id=\"6cda0c4\" data-element_type=\"widget\" data-widget_type=\"text-editor.default\">\n\t\t\t\t<div class=\"elementor-widget-container\">\n\t\t\t\t\t\t\t\t\t<p>Water treatment is essential to ensure its quality and safety. With this in mind, we offer a comprehensive range of alternative products that are both environmentally friendly and innovative. What's more, we also offer conventional products with a proven track record in water treatment.<\/p><p>Notre gamme <a href=\"https:\/\/ecowaterlab.com\/steam-boiler-water-treatment-ecosteam\/\" target=\"_blank\" rel=\"noopener\">Ecosteam <\/a>tannins purifi\u00e9s se distingue par ses solutions vertes pour le <a href=\"https:\/\/gestherm.com\/english\/le-traitement-de-leau-pour-centrale-thermique\/\">water treatment<\/a>. These products can significantly reduce make-up water, with a reduction ranging from 5% to 20%. This optimization of the consumption of water helps not only to preserve this precious resource, but also to reduce the associated costs.<\/p>\t\t\t\t\t\t\t\t<\/div>\n\t\t\t\t<\/div>\n\t\t\t\t<div class=\"elementor-element elementor-element-dd5126f elementor-widget elementor-widget-image\" data-id=\"dd5126f\" data-element_type=\"widget\" data-widget_type=\"image.default\">\n\t\t\t\t<div class=\"elementor-widget-container\">\n\t\t\t\t\t\t\t\t\t\t\t\t\t\t\t<img fetchpriority=\"high\" decoding=\"async\" width=\"396\" height=\"263\" src=\"https:\/\/gestherm.com\/wp-content\/uploads\/Capture-decran-2022-07-18-153225.png\" class=\"attachment-large size-large wp-image-1220\" alt=\"Traitement de l&#039;eau avec des solutions vertes pour un avenir durable\" srcset=\"https:\/\/gestherm.com\/wp-content\/uploads\/Capture-decran-2022-07-18-153225.png 396w, https:\/\/gestherm.com\/wp-content\/uploads\/Capture-decran-2022-07-18-153225-300x199.png 300w\" sizes=\"(max-width: 396px) 100vw, 396px\" title=\"\">\t\t\t\t\t\t\t\t\t\t\t\t\t\t\t<\/div>\n\t\t\t\t<\/div>\n\t\t\t\t<div class=\"elementor-element elementor-element-6059dba elementor-widget elementor-widget-heading\" data-id=\"6059dba\" data-element_type=\"widget\" data-widget_type=\"heading.default\">\n\t\t\t\t<div class=\"elementor-widget-container\">\n\t\t\t\t\t<h2 class=\"elementor-heading-title elementor-size-default\">The correlation between water treatment and thermal efficiency <\/h2>\t\t\t\t<\/div>\n\t\t\t\t<\/div>\n\t\t\t\t<div class=\"elementor-element elementor-element-7c717dd elementor-widget elementor-widget-text-editor\" data-id=\"7c717dd\" data-element_type=\"widget\" data-widget_type=\"text-editor.default\">\n\t\t\t\t<div class=\"elementor-widget-container\">\n\t\t\t\t\t\t\t\t\t<p>In addition to water savings, our products improve thermal efficiency. Thanks to our water treatment, it is possible to optimize the thermal performance of installations, which translates into a significant reduction in fossil fuel consumption ranging from 1 to 5%. This measure is fully in line with an energy transition approach, and contributes to the reduction of greenhouse gas (CO2) emissions into the atmosphere.<\/p><p>Reducing CO2 emissions is a major challenge for environmental protection. Thanks to our green solutions, we are able to help our customers reduce these harmful emissions. The figures speak for themselves: our products reduce CO2 emissions by between 1% and 5%. This significant reduction also brings economic benefits, with lower ancillary costs linked to greenhouse gas emissions.<\/p><p>En compl\u00e9ment de notre gamme de produits alternatifs, nous proposons \u00e9galement des solutions conventionnelles pour le traitement de l&rsquo;eau. Ces produits chimiques ont \u00e9t\u00e9 \u00e9prouv\u00e9s par le temps et sont utilis\u00e9s dans de nombreuses installations. Ils offrent une fiabilit\u00e9 et une efficacit\u00e9 reconnues pour<a href=\"https:\/\/gestherm.com\/english\/traitement-de-leau-pour-les-circuits-fermes\/\"> garantir la qualit\u00e9 de l&rsquo;eau trait\u00e9e<\/a>.<\/p>\t\t\t\t\t\t\t\t<\/div>\n\t\t\t\t<\/div>\n\t\t\t\t<\/div>\n\t\t\t\t\t<\/div>\n\t\t\t\t<\/div>\n\t\t\t\t<section class=\"elementor-section elementor-top-section elementor-element elementor-element-01a8b0f elementor-section-content-middle elementor-section-boxed elementor-section-height-default elementor-section-height-default\" data-id=\"01a8b0f\" data-element_type=\"section\" data-settings=\"{&quot;background_background&quot;:&quot;classic&quot;}\">\n\t\t\t\t\t\t<div class=\"elementor-container elementor-column-gap-no\">\n\t\t\t\t\t<div class=\"elementor-column elementor-col-100 elementor-top-column elementor-element elementor-element-43123c8\" data-id=\"43123c8\" data-element_type=\"column\">\n\t\t\t<div class=\"elementor-widget-wrap elementor-element-populated\">\n\t\t\t\t\t\t<div class=\"elementor-element elementor-element-a59799c elementor-widget__width-initial elementor-widget-mobile__width-inherit elementor-widget elementor-widget-heading\" data-id=\"a59799c\" data-element_type=\"widget\" data-widget_type=\"heading.default\">\n\t\t\t\t<div class=\"elementor-widget-container\">\n\t\t\t\t\t<h3 class=\"elementor-heading-title elementor-size-default\">Would you like to learn more about our services? Contact us for more information!<\/h3>\t\t\t\t<\/div>\n\t\t\t\t<\/div>\n\t\t\t\t<div class=\"elementor-element elementor-element-49d5675 elementor-align-justify elementor-widget__width-initial elementor-widget-mobile__width-inherit elementor-invisible elementor-widget elementor-widget-button\" data-id=\"49d5675\" data-element_type=\"widget\" data-settings=\"{&quot;_animation&quot;:&quot;fadeInUp&quot;}\" data-widget_type=\"button.default\">\n\t\t\t\t<div class=\"elementor-widget-container\">\n\t\t\t\t\t\t\t\t\t<div class=\"elementor-button-wrapper\">\n\t\t\t\t\t<a class=\"elementor-button elementor-button-link elementor-size-sm\" href=\"https:\/\/gestherm.com\/english\/contact\/\">\n\t\t\t\t\t\t<span class=\"elementor-button-content-wrapper\">\n\t\t\t\t\t\t\t\t\t<span class=\"elementor-button-text\">Quick quote here!<\/span>\n\t\t\t\t\t<\/span>\n\t\t\t\t\t<\/a>\n\t\t\t\t<\/div>\n\t\t\t\t\t\t\t\t<\/div>\n\t\t\t\t<\/div>\n\t\t\t\t\t<\/div>\n\t\t<\/div>\n\t\t\t\t\t<\/div>\n\t\t<\/section>\n\t\t<div class=\"elementor-element elementor-element-0a62006 e-flex e-con-boxed e-con e-parent\" data-id=\"0a62006\" data-element_type=\"container\" data-settings=\"{&quot;background_background&quot;:&quot;classic&quot;}\">\n\t\t\t\t\t<div class=\"e-con-inner\">\n\t\t<div class=\"elementor-element elementor-element-d17d7b5 e-con-full e-flex e-con e-child\" data-id=\"d17d7b5\" data-element_type=\"container\">\n\t\t\t\t<div class=\"elementor-element elementor-element-985ae68 elementor-widget elementor-widget-heading\" data-id=\"985ae68\" data-element_type=\"widget\" data-widget_type=\"heading.default\">\n\t\t\t\t<div class=\"elementor-widget-container\">\n\t\t\t\t\t<h2 class=\"elementor-heading-title elementor-size-default\">Le traitement de l&#039;eau : un enjeu majeur pour l&#039;environnement<\/h2>\t\t\t\t<\/div>\n\t\t\t\t<\/div>\n\t\t\t\t<div class=\"elementor-element elementor-element-a73283d elementor-widget elementor-widget-text-editor\" data-id=\"a73283d\" data-element_type=\"widget\" data-widget_type=\"text-editor.default\">\n\t\t\t\t<div class=\"elementor-widget-container\">\n\t\t\t\t\t\t\t\t\t<p>At Gestherm, we understand that water treatment is a major issue for environmental preservation. That's why we offer innovative green solutions as well as tried-and-tested conventional products. Whatever your needs, our team of experts is here to help you choose the best water treatment for your specific requirements.<\/p>\n<p>Investing in ecological and innovative water treatment means investing in a sustainable future. Put your trust in Gestherm and discover our green solutions to ensure a safe water supply, preserve natural resources and reduce your environmental footprint.<\/p>\n<p>En conclusion, le traitement de l&rsquo;eau est un processus vital pour s&rsquo;assurer que l&rsquo;eau est de haute qualit\u00e9 et sans danger pour l&rsquo;humain. Dans notre entreprise, nous en comprenons l&rsquo;importance et avons d\u00e9velopp\u00e9 une gamme compl\u00e8te de produits alternatifs qui non seulement r\u00e9pondent aux normes environnementales, mais int\u00e8grent \u00e9galement des solutions innovantes.&nbsp;<\/p><p>De plus, nous proposons \u00e9galement des produits conventionnels qui ont fait leurs preuves dans le traitement efficace de l&rsquo;eau. Que vous recherchiez des options \u00e9cologiques ou des m\u00e9thodes traditionnelles, nous avons l&rsquo;expertise et les produits pour r\u00e9pondre \u00e0 vos besoins.<\/p>\n<p>Contact us today to discuss your water treatment needs and find the best solution for your specific situation.<\/p>\t\t\t\t\t\t\t\t<\/div>\n\t\t\t\t<\/div>\n\t\t\t\t<\/div>\n\t\t\t\t\t<\/div>\n\t\t\t\t<\/div>\n\t\t\t\t<\/div>","protected":false},"excerpt":{"rendered":"<p>Service\u00a024\/7 &#8211; Nos techniciens exp\u00e9riment\u00e9s sont toujours disponibles pour vous aider et r\u00e9pondre \u00e0 vos besoins. Traitement de l&rsquo;eau avec des solutions vertes pour un avenir durable L&rsquo;eau est l&rsquo;une des ressources les plus vitales pour le maintien de la vie. Il est essentiel non seulement d&rsquo;avoir acc\u00e8s \u00e0 un approvisionnement abondant, mais aussi d&rsquo;assurer [&hellip;]<\/p>","protected":false},"author":2,"featured_media":0,"parent":0,"menu_order":0,"comment_status":"closed","ping_status":"closed","template":"","meta":{"footnotes":""},"class_list":["post-2387","page","type-page","status-publish","hentry"],"_links":{"self":[{"href":"https:\/\/gestherm.com\/english\/wp-json\/wp\/v2\/pages\/2387","targetHints":{"allow":["GET"]}}],"collection":[{"href":"https:\/\/gestherm.com\/english\/wp-json\/wp\/v2\/pages"}],"about":[{"href":"https:\/\/gestherm.com\/english\/wp-json\/wp\/v2\/types\/page"}],"author":[{"embeddable":true,"href":"https:\/\/gestherm.com\/english\/wp-json\/wp\/v2\/users\/2"}],"replies":[{"embeddable":true,"href":"https:\/\/gestherm.com\/english\/wp-json\/wp\/v2\/comments?post=2387"}],"version-history":[{"count":33,"href":"https:\/\/gestherm.com\/english\/wp-json\/wp\/v2\/pages\/2387\/revisions"}],"predecessor-version":[{"id":2927,"href":"https:\/\/gestherm.com\/english\/wp-json\/wp\/v2\/pages\/2387\/revisions\/2927"}],"wp:attachment":[{"href":"https:\/\/gestherm.com\/english\/wp-json\/wp\/v2\/media?parent=2387"}],"curies":[{"name":"wp","href":"https:\/\/api.w.org\/{rel}","templated":true}]}}